{"id":634,"date":"2026-02-05T23:12:36","date_gmt":"2026-02-05T23:12:36","guid":{"rendered":"https:\/\/tlalixcoyan.gob.mx\/?page_id=634"},"modified":"2026-02-25T16:37:36","modified_gmt":"2026-02-25T16:37:36","slug":"fomento_agropecuario","status":"publish","type":"page","link":"https:\/\/tlalixcoyan.gob.mx\/index.php\/fomento_agropecuario\/","title":{"rendered":"Fomento Agropecuario"},"content":{"rendered":"\t\t<div data-elementor-type=\"wp-page\" data-elementor-id=\"634\" class=\"elementor elementor-634\" data-elementor-settings=\"{&quot;element_pack_global_tooltip_width&quot;:{&quot;unit&quot;:&quot;px&quot;,&quot;size&quot;:&quot;&quot;,&quot;sizes&quot;:[]},&quot;element_pack_global_tooltip_width_tablet&quot;:{&quot;unit&quot;:&quot;px&quot;,&quot;size&quot;:&quot;&quot;,&quot;sizes&quot;:[]},&quot;element_pack_global_tooltip_width_mobile&quot;:{&quot;unit&quot;:&quot;px&quot;,&quot;size&quot;:&quot;&quot;,&quot;sizes&quot;:[]},&quot;element_pack_global_tooltip_padding&quot;:{&quot;unit&quot;:&quot;px&quot;,&quot;top&quot;:&quot;&quot;,&quot;right&quot;:&quot;&quot;,&quot;bottom&quot;:&quot;&quot;,&quot;left&quot;:&quot;&quot;,&quot;isLinked&quot;:true},&quot;element_pack_global_tooltip_padding_tablet&quot;:{&quot;unit&quot;:&quot;px&quot;,&quot;top&quot;:&quot;&quot;,&quot;right&quot;:&quot;&quot;,&quot;bottom&quot;:&quot;&quot;,&quot;left&quot;:&quot;&quot;,&quot;isLinked&quot;:true},&quot;element_pack_global_tooltip_padding_mobile&quot;:{&quot;unit&quot;:&quot;px&quot;,&quot;top&quot;:&quot;&quot;,&quot;right&quot;:&quot;&quot;,&quot;bottom&quot;:&quot;&quot;,&quot;left&quot;:&quot;&quot;,&quot;isLinked&quot;:true},&quot;element_pack_global_tooltip_border_radius&quot;:{&quot;unit&quot;:&quot;px&quot;,&quot;top&quot;:&quot;&quot;,&quot;right&quot;:&quot;&quot;,&quot;bottom&quot;:&quot;&quot;,&quot;left&quot;:&quot;&quot;,&quot;isLinked&quot;:true},&quot;element_pack_global_tooltip_border_radius_tablet&quot;:{&quot;unit&quot;:&quot;px&quot;,&quot;top&quot;:&quot;&quot;,&quot;right&quot;:&quot;&quot;,&quot;bottom&quot;:&quot;&quot;,&quot;left&quot;:&quot;&quot;,&quot;isLinked&quot;:true},&quot;element_pack_global_tooltip_border_radius_mobile&quot;:{&quot;unit&quot;:&quot;px&quot;,&quot;top&quot;:&quot;&quot;,&quot;right&quot;:&quot;&quot;,&quot;bottom&quot;:&quot;&quot;,&quot;left&quot;:&quot;&quot;,&quot;isLinked&quot;:true}}\" data-elementor-post-type=\"page\">\n\t\t\t\t<div class=\"elementor-element elementor-element-13742e5 e-con-full e-flex e-con e-parent\" data-id=\"13742e5\" data-element_type=\"container\" data-e-type=\"container\">\n\t\t\t\t<div class=\"elementor-element elementor-element-9dc49ba elementor-widget elementor-widget-image\" data-id=\"9dc49ba\" data-element_type=\"widget\" data-e-type=\"widget\" data-widget_type=\"image.default\">\n\t\t\t\t\t\t\t\t\t\t\t\t\t\t\t<img fetchpriority=\"high\" decoding=\"async\" width=\"1000\" height=\"340\" src=\"https:\/\/tlalixcoyan.gob.mx\/wp-content\/uploads\/2026\/02\/Fomento_slide-1024x348.jpg\" class=\"attachment-large size-large wp-image-635\" alt=\"\" srcset=\"https:\/\/tlalixcoyan.gob.mx\/wp-content\/uploads\/2026\/02\/Fomento_slide-1024x348.jpg 1024w, https:\/\/tlalixcoyan.gob.mx\/wp-content\/uploads\/2026\/02\/Fomento_slide-300x102.jpg 300w, https:\/\/tlalixcoyan.gob.mx\/wp-content\/uploads\/2026\/02\/Fomento_slide-768x261.jpg 768w, https:\/\/tlalixcoyan.gob.mx\/wp-content\/uploads\/2026\/02\/Fomento_slide-1536x522.jpg 1536w, https:\/\/tlalixcoyan.gob.mx\/wp-content\/uploads\/2026\/02\/Fomento_slide-650x221.jpg 650w, https:\/\/tlalixcoyan.gob.mx\/wp-content\/uploads\/2026\/02\/Fomento_slide.jpg 1595w\" sizes=\"(max-width: 1000px) 100vw, 1000px\" \/>\t\t\t\t\t\t\t\t\t\t\t\t\t\t\t<\/div>\n\t\t\t\t<\/div>\n\t\t<div class=\"elementor-element elementor-element-d101b95 e-flex e-con-boxed e-con e-parent\" data-id=\"d101b95\" data-element_type=\"container\" data-e-type=\"container\">\n\t\t\t\t\t<div class=\"e-con-inner\">\n\t\t\t\t<div class=\"elementor-element elementor-element-f764922 elementor-widget-divider--view-line_text elementor-widget-divider--element-align-center elementor-widget elementor-widget-divider\" data-id=\"f764922\" data-element_type=\"widget\" data-e-type=\"widget\" data-widget_type=\"divider.default\">\n\t\t\t\t\t\t\t<div class=\"elementor-divider\">\n\t\t\t<span class=\"elementor-divider-separator\">\n\t\t\t\t\t\t\t<span class=\"elementor-divider__text elementor-divider__element\">\n\t\t\t\tFOMENTO AGROPECUARIO\t\t\t\t<\/span>\n\t\t\t\t\t\t<\/span>\n\t\t<\/div>\n\t\t\t\t\t\t<\/div>\n\t\t\t\t<div class=\"elementor-element elementor-element-e29e0b3 elementor-widget elementor-widget-text-editor\" data-id=\"e29e0b3\" data-element_type=\"widget\" data-e-type=\"widget\" data-widget_type=\"text-editor.default\">\n\t\t\t\t\t\t\t\t\t<p>La Direcci\u00f3n de Fomento Agropecuario del Ayuntamiento de Tlalixcoyan trabaja para impulsar el desarrollo del sector agr\u00edcola, ganadero y productivo del municipio, fortaleciendo la econom\u00eda local y el bienestar de las familias del campo.<\/p>\t\t\t\t\t\t\t\t<\/div>\n\t\t\t\t\t<\/div>\n\t\t\t\t<\/div>\n\t\t<div class=\"elementor-element elementor-element-b4b352a e-flex e-con-boxed e-con e-parent\" data-id=\"b4b352a\" data-element_type=\"container\" data-e-type=\"container\" data-settings=\"{&quot;background_background&quot;:&quot;classic&quot;}\">\n\t\t\t\t\t<div class=\"e-con-inner\">\n\t\t<div class=\"elementor-element elementor-element-d66c3f4 e-con-full e-flex e-con e-child\" data-id=\"d66c3f4\" data-element_type=\"container\" data-e-type=\"container\">\n\t\t\t\t<div class=\"elementor-element elementor-element-df64de2 elementor-widget elementor-widget-spacer\" data-id=\"df64de2\" data-element_type=\"widget\" data-e-type=\"widget\" data-widget_type=\"spacer.default\">\n\t\t\t\t\t\t\t<div class=\"elementor-spacer\">\n\t\t\t<div class=\"elementor-spacer-inner\"><\/div>\n\t\t<\/div>\n\t\t\t\t\t\t<\/div>\n\t\t\t\t<div class=\"elementor-element elementor-element-e366e63 elementor-widget elementor-widget-heading\" data-id=\"e366e63\" data-element_type=\"widget\" data-e-type=\"widget\" data-widget_type=\"heading.default\">\n\t\t\t\t\t<h2 class=\"elementor-heading-title elementor-size-default\">Programas y apoyos<\/h2>\t\t\t\t<\/div>\n\t\t\t\t<div class=\"elementor-element elementor-element-c540766 elementor-icon-list--layout-traditional elementor-list-item-link-full_width elementor-widget elementor-widget-icon-list\" data-id=\"c540766\" data-element_type=\"widget\" data-e-type=\"widget\" data-widget_type=\"icon-list.default\">\n\t\t\t\t\t\t\t<ul class=\"elementor-icon-list-items\">\n\t\t\t\t\t\t\t<li class=\"elementor-icon-list-item\">\n\t\t\t\t\t\t\t\t\t\t\t<span class=\"elementor-icon-list-icon\">\n\t\t\t\t\t\t\t<svg aria-hidden=\"true\" class=\"e-font-icon-svg e-fas-hat-cowboy\" viewBox=\"0 0 640 512\" xmlns=\"http:\/\/www.w3.org\/2000\/svg\"><path d=\"M490 296.9C480.51 239.51 450.51 64 392.3 64c-14 0-26.49 5.93-37 14a58.21 58.21 0 0 1-70.58 0c-10.51-8-23-14-37-14-58.2 0-88.2 175.47-97.71 232.88C188.81 309.47 243.73 320 320 320s131.23-10.51 170-23.1zm142.9-37.18a16 16 0 0 0-19.75 1.5c-1 .9-101.27 90.78-293.16 90.78-190.82 0-292.22-89.94-293.24-90.84A16 16 0 0 0 1 278.53C1.73 280.55 78.32 480 320 480s318.27-199.45 319-201.47a16 16 0 0 0-6.09-18.81z\"><\/path><\/svg>\t\t\t\t\t\t<\/span>\n\t\t\t\t\t\t\t\t\t\t<span class=\"elementor-icon-list-text\">Apoyo a productores agr\u00edcolas<\/span>\n\t\t\t\t\t\t\t\t\t<\/li>\n\t\t\t\t\t\t\t\t<li class=\"elementor-icon-list-item\">\n\t\t\t\t\t\t\t\t\t\t\t<span class=\"elementor-icon-list-icon\">\n\t\t\t\t\t\t\t<svg aria-hidden=\"true\" class=\"e-font-icon-svg e-fas-hat-cowboy\" viewBox=\"0 0 640 512\" xmlns=\"http:\/\/www.w3.org\/2000\/svg\"><path d=\"M490 296.9C480.51 239.51 450.51 64 392.3 64c-14 0-26.49 5.93-37 14a58.21 58.21 0 0 1-70.58 0c-10.51-8-23-14-37-14-58.2 0-88.2 175.47-97.71 232.88C188.81 309.47 243.73 320 320 320s131.23-10.51 170-23.1zm142.9-37.18a16 16 0 0 0-19.75 1.5c-1 .9-101.27 90.78-293.16 90.78-190.82 0-292.22-89.94-293.24-90.84A16 16 0 0 0 1 278.53C1.73 280.55 78.32 480 320 480s318.27-199.45 319-201.47a16 16 0 0 0-6.09-18.81z\"><\/path><\/svg>\t\t\t\t\t\t<\/span>\n\t\t\t\t\t\t\t\t\t\t<span class=\"elementor-icon-list-text\">Fomento ganadero<\/span>\n\t\t\t\t\t\t\t\t\t<\/li>\n\t\t\t\t\t\t\t\t<li class=\"elementor-icon-list-item\">\n\t\t\t\t\t\t\t\t\t\t\t<span class=\"elementor-icon-list-icon\">\n\t\t\t\t\t\t\t<svg aria-hidden=\"true\" class=\"e-font-icon-svg e-fas-hat-cowboy\" viewBox=\"0 0 640 512\" xmlns=\"http:\/\/www.w3.org\/2000\/svg\"><path d=\"M490 296.9C480.51 239.51 450.51 64 392.3 64c-14 0-26.49 5.93-37 14a58.21 58.21 0 0 1-70.58 0c-10.51-8-23-14-37-14-58.2 0-88.2 175.47-97.71 232.88C188.81 309.47 243.73 320 320 320s131.23-10.51 170-23.1zm142.9-37.18a16 16 0 0 0-19.75 1.5c-1 .9-101.27 90.78-293.16 90.78-190.82 0-292.22-89.94-293.24-90.84A16 16 0 0 0 1 278.53C1.73 280.55 78.32 480 320 480s318.27-199.45 319-201.47a16 16 0 0 0-6.09-18.81z\"><\/path><\/svg>\t\t\t\t\t\t<\/span>\n\t\t\t\t\t\t\t\t\t\t<span class=\"elementor-icon-list-text\">Capacitaci\u00f3n y asesor\u00eda t\u00e9cnica.<\/span>\n\t\t\t\t\t\t\t\t\t<\/li>\n\t\t\t\t\t\t\t\t<li class=\"elementor-icon-list-item\">\n\t\t\t\t\t\t\t\t\t\t\t<span class=\"elementor-icon-list-icon\">\n\t\t\t\t\t\t\t<svg aria-hidden=\"true\" class=\"e-font-icon-svg e-fas-hat-cowboy\" viewBox=\"0 0 640 512\" xmlns=\"http:\/\/www.w3.org\/2000\/svg\"><path d=\"M490 296.9C480.51 239.51 450.51 64 392.3 64c-14 0-26.49 5.93-37 14a58.21 58.21 0 0 1-70.58 0c-10.51-8-23-14-37-14-58.2 0-88.2 175.47-97.71 232.88C188.81 309.47 243.73 320 320 320s131.23-10.51 170-23.1zm142.9-37.18a16 16 0 0 0-19.75 1.5c-1 .9-101.27 90.78-293.16 90.78-190.82 0-292.22-89.94-293.24-90.84A16 16 0 0 0 1 278.53C1.73 280.55 78.32 480 320 480s318.27-199.45 319-201.47a16 16 0 0 0-6.09-18.81z\"><\/path><\/svg>\t\t\t\t\t\t<\/span>\n\t\t\t\t\t\t\t\t\t\t<span class=\"elementor-icon-list-text\">Desarrollo rural<\/span>\n\t\t\t\t\t\t\t\t\t<\/li>\n\t\t\t\t\t\t\t\t<li class=\"elementor-icon-list-item\">\n\t\t\t\t\t\t\t\t\t\t\t<span class=\"elementor-icon-list-icon\">\n\t\t\t\t\t\t\t<svg aria-hidden=\"true\" class=\"e-font-icon-svg e-fas-hat-cowboy\" viewBox=\"0 0 640 512\" xmlns=\"http:\/\/www.w3.org\/2000\/svg\"><path d=\"M490 296.9C480.51 239.51 450.51 64 392.3 64c-14 0-26.49 5.93-37 14a58.21 58.21 0 0 1-70.58 0c-10.51-8-23-14-37-14-58.2 0-88.2 175.47-97.71 232.88C188.81 309.47 243.73 320 320 320s131.23-10.51 170-23.1zm142.9-37.18a16 16 0 0 0-19.75 1.5c-1 .9-101.27 90.78-293.16 90.78-190.82 0-292.22-89.94-293.24-90.84A16 16 0 0 0 1 278.53C1.73 280.55 78.32 480 320 480s318.27-199.45 319-201.47a16 16 0 0 0-6.09-18.81z\"><\/path><\/svg>\t\t\t\t\t\t<\/span>\n\t\t\t\t\t\t\t\t\t\t<span class=\"elementor-icon-list-text\">Gesti\u00f3n de programas<\/span>\n\t\t\t\t\t\t\t\t\t<\/li>\n\t\t\t\t\t\t<\/ul>\n\t\t\t\t\t\t<\/div>\n\t\t\t\t<\/div>\n\t\t<div class=\"elementor-element elementor-element-e39a1f8 e-con-full e-flex e-con e-child\" data-id=\"e39a1f8\" data-element_type=\"container\" data-e-type=\"container\">\n\t\t\t\t<div class=\"elementor-element elementor-element-edda34e elementor-widget elementor-widget-spacer\" data-id=\"edda34e\" data-element_type=\"widget\" data-e-type=\"widget\" data-widget_type=\"spacer.default\">\n\t\t\t\t\t\t\t<div class=\"elementor-spacer\">\n\t\t\t<div class=\"elementor-spacer-inner\"><\/div>\n\t\t<\/div>\n\t\t\t\t\t\t<\/div>\n\t\t\t\t<div class=\"elementor-element elementor-element-23faeab elementor-widget elementor-widget-image\" data-id=\"23faeab\" data-element_type=\"widget\" data-e-type=\"widget\" data-widget_type=\"image.default\">\n\t\t\t\t\t\t\t\t\t\t\t\t\t\t\t<img decoding=\"async\" width=\"289\" height=\"300\" src=\"https:\/\/tlalixcoyan.gob.mx\/wp-content\/uploads\/2026\/02\/agropecuario-289x300.png\" class=\"attachment-medium size-medium wp-image-636\" alt=\"\" srcset=\"https:\/\/tlalixcoyan.gob.mx\/wp-content\/uploads\/2026\/02\/agropecuario-289x300.png 289w, https:\/\/tlalixcoyan.gob.mx\/wp-content\/uploads\/2026\/02\/agropecuario-987x1024.png 987w, https:\/\/tlalixcoyan.gob.mx\/wp-content\/uploads\/2026\/02\/agropecuario-768x797.png 768w, https:\/\/tlalixcoyan.gob.mx\/wp-content\/uploads\/2026\/02\/agropecuario-1480x1536.png 1480w, https:\/\/tlalixcoyan.gob.mx\/wp-content\/uploads\/2026\/02\/agropecuario-626x650.png 626w, https:\/\/tlalixcoyan.gob.mx\/wp-content\/uploads\/2026\/02\/agropecuario.png 1542w\" sizes=\"(max-width: 289px) 100vw, 289px\" \/>\t\t\t\t\t\t\t\t\t\t\t\t\t\t\t<\/div>\n\t\t\t\t<div class=\"elementor-element elementor-element-e7bd337 elementor-widget elementor-widget-spacer\" data-id=\"e7bd337\" data-element_type=\"widget\" data-e-type=\"widget\" data-widget_type=\"spacer.default\">\n\t\t\t\t\t\t\t<div class=\"elementor-spacer\">\n\t\t\t<div class=\"elementor-spacer-inner\"><\/div>\n\t\t<\/div>\n\t\t\t\t\t\t<\/div>\n\t\t\t\t<\/div>\n\t\t<div class=\"elementor-element elementor-element-c2b7c32 e-con-full e-flex e-con e-child\" data-id=\"c2b7c32\" data-element_type=\"container\" data-e-type=\"container\">\n\t\t\t\t<div class=\"elementor-element elementor-element-a2e60a6 elementor-widget elementor-widget-spacer\" data-id=\"a2e60a6\" data-element_type=\"widget\" data-e-type=\"widget\" data-widget_type=\"spacer.default\">\n\t\t\t\t\t\t\t<div class=\"elementor-spacer\">\n\t\t\t<div class=\"elementor-spacer-inner\"><\/div>\n\t\t<\/div>\n\t\t\t\t\t\t<\/div>\n\t\t\t\t<div class=\"elementor-element elementor-element-25710fe elementor-widget elementor-widget-heading\" data-id=\"25710fe\" data-element_type=\"widget\" data-e-type=\"widget\" data-widget_type=\"heading.default\">\n\t\t\t\t\t<h2 class=\"elementor-heading-title elementor-size-default\">Servicios<\/h2>\t\t\t\t<\/div>\n\t\t\t\t<div class=\"elementor-element elementor-element-6ba55bd elementor-icon-list--layout-traditional elementor-list-item-link-full_width elementor-widget elementor-widget-icon-list\" data-id=\"6ba55bd\" data-element_type=\"widget\" data-e-type=\"widget\" data-widget_type=\"icon-list.default\">\n\t\t\t\t\t\t\t<ul class=\"elementor-icon-list-items\">\n\t\t\t\t\t\t\t<li class=\"elementor-icon-list-item\">\n\t\t\t\t\t\t\t\t\t\t\t<span class=\"elementor-icon-list-icon\">\n\t\t\t\t\t\t\t<svg aria-hidden=\"true\" class=\"e-font-icon-svg e-fas-hat-cowboy\" viewBox=\"0 0 640 512\" xmlns=\"http:\/\/www.w3.org\/2000\/svg\"><path d=\"M490 296.9C480.51 239.51 450.51 64 392.3 64c-14 0-26.49 5.93-37 14a58.21 58.21 0 0 1-70.58 0c-10.51-8-23-14-37-14-58.2 0-88.2 175.47-97.71 232.88C188.81 309.47 243.73 320 320 320s131.23-10.51 170-23.1zm142.9-37.18a16 16 0 0 0-19.75 1.5c-1 .9-101.27 90.78-293.16 90.78-190.82 0-292.22-89.94-293.24-90.84A16 16 0 0 0 1 278.53C1.73 280.55 78.32 480 320 480s318.27-199.45 319-201.47a16 16 0 0 0-6.09-18.81z\"><\/path><\/svg>\t\t\t\t\t\t<\/span>\n\t\t\t\t\t\t\t\t\t\t<span class=\"elementor-icon-list-text\">Orientaci\u00f3n para tr\u00e1mites y apoyos del sector agropecuario.<\/span>\n\t\t\t\t\t\t\t\t\t<\/li>\n\t\t\t\t\t\t\t\t<li class=\"elementor-icon-list-item\">\n\t\t\t\t\t\t\t\t\t\t\t<span class=\"elementor-icon-list-icon\">\n\t\t\t\t\t\t\t<svg aria-hidden=\"true\" class=\"e-font-icon-svg e-fas-hat-cowboy\" viewBox=\"0 0 640 512\" xmlns=\"http:\/\/www.w3.org\/2000\/svg\"><path d=\"M490 296.9C480.51 239.51 450.51 64 392.3 64c-14 0-26.49 5.93-37 14a58.21 58.21 0 0 1-70.58 0c-10.51-8-23-14-37-14-58.2 0-88.2 175.47-97.71 232.88C188.81 309.47 243.73 320 320 320s131.23-10.51 170-23.1zm142.9-37.18a16 16 0 0 0-19.75 1.5c-1 .9-101.27 90.78-293.16 90.78-190.82 0-292.22-89.94-293.24-90.84A16 16 0 0 0 1 278.53C1.73 280.55 78.32 480 320 480s318.27-199.45 319-201.47a16 16 0 0 0-6.09-18.81z\"><\/path><\/svg>\t\t\t\t\t\t<\/span>\n\t\t\t\t\t\t\t\t\t\t<span class=\"elementor-icon-list-text\">Asesor\u00eda b\u00e1sica en producci\u00f3n agr\u00edcola y ganadera.<\/span>\n\t\t\t\t\t\t\t\t\t<\/li>\n\t\t\t\t\t\t\t\t<li class=\"elementor-icon-list-item\">\n\t\t\t\t\t\t\t\t\t\t\t<span class=\"elementor-icon-list-icon\">\n\t\t\t\t\t\t\t<svg aria-hidden=\"true\" class=\"e-font-icon-svg e-fas-hat-cowboy\" viewBox=\"0 0 640 512\" xmlns=\"http:\/\/www.w3.org\/2000\/svg\"><path d=\"M490 296.9C480.51 239.51 450.51 64 392.3 64c-14 0-26.49 5.93-37 14a58.21 58.21 0 0 1-70.58 0c-10.51-8-23-14-37-14-58.2 0-88.2 175.47-97.71 232.88C188.81 309.47 243.73 320 320 320s131.23-10.51 170-23.1zm142.9-37.18a16 16 0 0 0-19.75 1.5c-1 .9-101.27 90.78-293.16 90.78-190.82 0-292.22-89.94-293.24-90.84A16 16 0 0 0 1 278.53C1.73 280.55 78.32 480 320 480s318.27-199.45 319-201.47a16 16 0 0 0-6.09-18.81z\"><\/path><\/svg>\t\t\t\t\t\t<\/span>\n\t\t\t\t\t\t\t\t\t\t<span class=\"elementor-icon-list-text\">Acompa\u00f1amiento en la integraci\u00f3n de proyectos productivos.<\/span>\n\t\t\t\t\t\t\t\t\t<\/li>\n\t\t\t\t\t\t<\/ul>\n\t\t\t\t\t\t<\/div>\n\t\t\t\t<\/div>\n\t\t\t\t\t<\/div>\n\t\t\t\t<\/div>\n\t\t<div class=\"elementor-element elementor-element-70361e7 e-flex e-con-boxed e-con e-parent\" data-id=\"70361e7\" data-element_type=\"container\" data-e-type=\"container\">\n\t\t\t\t\t<div class=\"e-con-inner\">\n\t\t\t\t<div class=\"elementor-element elementor-element-9a2a2b7 elementor-align-center elementor-widget elementor-widget-button\" data-id=\"9a2a2b7\" data-element_type=\"widget\" data-e-type=\"widget\" data-widget_type=\"button.default\">\n\t\t\t\t\t\t\t\t\t\t<a class=\"elementor-button elementor-button-link elementor-size-sm\" href=\"https:\/\/tlalixcoyan.gob.mx\/\">\n\t\t\t\t\t\t<span class=\"elementor-button-content-wrapper\">\n\t\t\t\t\t\t\t\t\t<span class=\"elementor-button-text\">INICIO<\/span>\n\t\t\t\t\t<\/span>\n\t\t\t\t\t<\/a>\n\t\t\t\t\t\t\t\t<\/div>\n\t\t\t\t\t<\/div>\n\t\t\t\t<\/div>\n\t\t<div class=\"elementor-element elementor-element-3cc470b e-con-full e-flex e-con e-parent\" data-id=\"3cc470b\" data-element_type=\"container\" data-e-type=\"container\">\n\t\t\t\t<div class=\"elementor-element elementor-element-1f1e81c elementor-widget elementor-widget-image\" data-id=\"1f1e81c\" data-element_type=\"widget\" data-e-type=\"widget\" data-widget_type=\"image.default\">\n\t\t\t\t\t\t\t\t\t\t\t\t\t\t\t<img decoding=\"async\" width=\"1227\" height=\"125\" src=\"https:\/\/tlalixcoyan.gob.mx\/wp-content\/uploads\/2026\/01\/pief.png\" class=\"attachment-full size-full wp-image-148\" alt=\"\" srcset=\"https:\/\/tlalixcoyan.gob.mx\/wp-content\/uploads\/2026\/01\/pief.png 1227w, https:\/\/tlalixcoyan.gob.mx\/wp-content\/uploads\/2026\/01\/pief-300x31.png 300w, https:\/\/tlalixcoyan.gob.mx\/wp-content\/uploads\/2026\/01\/pief-1024x104.png 1024w, https:\/\/tlalixcoyan.gob.mx\/wp-content\/uploads\/2026\/01\/pief-768x78.png 768w\" sizes=\"(max-width: 1227px) 100vw, 1227px\" \/>\t\t\t\t\t\t\t\t\t\t\t\t\t\t\t<\/div>\n\t\t\t\t<\/div>\n\t\t\t\t<\/div>\n\t\t","protected":false},"excerpt":{"rendered":"<p>FOMENTO AGROPECUARIO La Direcci\u00f3n de Fomento Agropecuario del Ayuntamiento de Tlalixcoyan trabaja para impulsar el desarrollo del sector agr\u00edcola, ganadero y productivo del municipio, fortaleciendo la econom\u00eda local y el bienestar de las familias del campo. Programas y apoyos Apoyo a productores agr\u00edcolas Fomento ganadero Capacitaci\u00f3n y asesor\u00eda t\u00e9cnica. Desarrollo rural Gesti\u00f3n de programas Servicios [&hellip;]<\/p>\n","protected":false},"author":1,"featured_media":0,"parent":0,"menu_order":0,"comment_status":"closed","ping_status":"closed","template":"","meta":{"footnotes":""},"class_list":["post-634","page","type-page","status-publish","hentry"],"_links":{"self":[{"href":"https:\/\/tlalixcoyan.gob.mx\/index.php\/wp-json\/wp\/v2\/pages\/634","targetHints":{"allow":["GET"]}}],"collection":[{"href":"https:\/\/tlalixcoyan.gob.mx\/index.php\/wp-json\/wp\/v2\/pages"}],"about":[{"href":"https:\/\/tlalixcoyan.gob.mx\/index.php\/wp-json\/wp\/v2\/types\/page"}],"author":[{"embeddable":true,"href":"https:\/\/tlalixcoyan.gob.mx\/index.php\/wp-json\/wp\/v2\/users\/1"}],"replies":[{"embeddable":true,"href":"https:\/\/tlalixcoyan.gob.mx\/index.php\/wp-json\/wp\/v2\/comments?post=634"}],"version-history":[{"count":24,"href":"https:\/\/tlalixcoyan.gob.mx\/index.php\/wp-json\/wp\/v2\/pages\/634\/revisions"}],"predecessor-version":[{"id":1162,"href":"https:\/\/tlalixcoyan.gob.mx\/index.php\/wp-json\/wp\/v2\/pages\/634\/revisions\/1162"}],"wp:attachment":[{"href":"https:\/\/tlalixcoyan.gob.mx\/index.php\/wp-json\/wp\/v2\/media?parent=634"}],"curies":[{"name":"wp","href":"https:\/\/api.w.org\/{rel}","templated":true}]}}