{"id":826,"date":"2026-02-08T17:45:51","date_gmt":"2026-02-08T17:45:51","guid":{"rendered":"https:\/\/tlalixcoyan.gob.mx\/?page_id=826"},"modified":"2026-02-12T17:22:01","modified_gmt":"2026-02-12T17:22:01","slug":"seguridad","status":"publish","type":"page","link":"https:\/\/tlalixcoyan.gob.mx\/index.php\/seguridad\/","title":{"rendered":"Seguridad"},"content":{"rendered":"\t\t<div data-elementor-type=\"wp-page\" data-elementor-id=\"826\" class=\"elementor elementor-826\" data-elementor-settings=\"{&quot;element_pack_global_tooltip_width&quot;:{&quot;unit&quot;:&quot;px&quot;,&quot;size&quot;:&quot;&quot;,&quot;sizes&quot;:[]},&quot;element_pack_global_tooltip_width_tablet&quot;:{&quot;unit&quot;:&quot;px&quot;,&quot;size&quot;:&quot;&quot;,&quot;sizes&quot;:[]},&quot;element_pack_global_tooltip_width_mobile&quot;:{&quot;unit&quot;:&quot;px&quot;,&quot;size&quot;:&quot;&quot;,&quot;sizes&quot;:[]},&quot;element_pack_global_tooltip_padding&quot;:{&quot;unit&quot;:&quot;px&quot;,&quot;top&quot;:&quot;&quot;,&quot;right&quot;:&quot;&quot;,&quot;bottom&quot;:&quot;&quot;,&quot;left&quot;:&quot;&quot;,&quot;isLinked&quot;:true},&quot;element_pack_global_tooltip_padding_tablet&quot;:{&quot;unit&quot;:&quot;px&quot;,&quot;top&quot;:&quot;&quot;,&quot;right&quot;:&quot;&quot;,&quot;bottom&quot;:&quot;&quot;,&quot;left&quot;:&quot;&quot;,&quot;isLinked&quot;:true},&quot;element_pack_global_tooltip_padding_mobile&quot;:{&quot;unit&quot;:&quot;px&quot;,&quot;top&quot;:&quot;&quot;,&quot;right&quot;:&quot;&quot;,&quot;bottom&quot;:&quot;&quot;,&quot;left&quot;:&quot;&quot;,&quot;isLinked&quot;:true},&quot;element_pack_global_tooltip_border_radius&quot;:{&quot;unit&quot;:&quot;px&quot;,&quot;top&quot;:&quot;&quot;,&quot;right&quot;:&quot;&quot;,&quot;bottom&quot;:&quot;&quot;,&quot;left&quot;:&quot;&quot;,&quot;isLinked&quot;:true},&quot;element_pack_global_tooltip_border_radius_tablet&quot;:{&quot;unit&quot;:&quot;px&quot;,&quot;top&quot;:&quot;&quot;,&quot;right&quot;:&quot;&quot;,&quot;bottom&quot;:&quot;&quot;,&quot;left&quot;:&quot;&quot;,&quot;isLinked&quot;:true},&quot;element_pack_global_tooltip_border_radius_mobile&quot;:{&quot;unit&quot;:&quot;px&quot;,&quot;top&quot;:&quot;&quot;,&quot;right&quot;:&quot;&quot;,&quot;bottom&quot;:&quot;&quot;,&quot;left&quot;:&quot;&quot;,&quot;isLinked&quot;:true}}\" data-elementor-post-type=\"page\">\n\t\t\t\t<div class=\"elementor-element elementor-element-13742e5 e-con-full e-flex e-con e-parent\" data-id=\"13742e5\" data-element_type=\"container\" data-e-type=\"container\">\n\t\t\t\t<div class=\"elementor-element elementor-element-9dc49ba elementor-widget elementor-widget-image\" data-id=\"9dc49ba\" data-element_type=\"widget\" data-e-type=\"widget\" data-widget_type=\"image.default\">\n\t\t\t\t\t\t\t\t\t\t\t\t\t\t\t<img fetchpriority=\"high\" decoding=\"async\" width=\"1000\" height=\"340\" src=\"https:\/\/tlalixcoyan.gob.mx\/wp-content\/uploads\/2026\/02\/Seg_slide-1024x348.jpg\" class=\"attachment-large size-large wp-image-627\" alt=\"\" srcset=\"https:\/\/tlalixcoyan.gob.mx\/wp-content\/uploads\/2026\/02\/Seg_slide-1024x348.jpg 1024w, https:\/\/tlalixcoyan.gob.mx\/wp-content\/uploads\/2026\/02\/Seg_slide-300x102.jpg 300w, https:\/\/tlalixcoyan.gob.mx\/wp-content\/uploads\/2026\/02\/Seg_slide-768x261.jpg 768w, https:\/\/tlalixcoyan.gob.mx\/wp-content\/uploads\/2026\/02\/Seg_slide-1536x522.jpg 1536w, https:\/\/tlalixcoyan.gob.mx\/wp-content\/uploads\/2026\/02\/Seg_slide-650x221.jpg 650w, https:\/\/tlalixcoyan.gob.mx\/wp-content\/uploads\/2026\/02\/Seg_slide.jpg 1595w\" sizes=\"(max-width: 1000px) 100vw, 1000px\" \/>\t\t\t\t\t\t\t\t\t\t\t\t\t\t\t<\/div>\n\t\t\t\t<\/div>\n\t\t<div class=\"elementor-element elementor-element-f3ec58c e-flex e-con-boxed e-con e-parent\" data-id=\"f3ec58c\" data-element_type=\"container\" data-e-type=\"container\">\n\t\t\t\t\t<div class=\"e-con-inner\">\n\t\t<div class=\"elementor-element elementor-element-2d907b8 e-con-full e-flex e-con e-child\" data-id=\"2d907b8\" data-element_type=\"container\" data-e-type=\"container\">\n\t\t\t\t<div class=\"elementor-element elementor-element-4eb9998 elementor-widget elementor-widget-spacer\" data-id=\"4eb9998\" data-element_type=\"widget\" data-e-type=\"widget\" data-widget_type=\"spacer.default\">\n\t\t\t\t\t\t\t<div class=\"elementor-spacer\">\n\t\t\t<div class=\"elementor-spacer-inner\"><\/div>\n\t\t<\/div>\n\t\t\t\t\t\t<\/div>\n\t\t\t\t<div class=\"elementor-element elementor-element-f357dcb elementor-widget elementor-widget-image\" data-id=\"f357dcb\" data-element_type=\"widget\" data-e-type=\"widget\" data-widget_type=\"image.default\">\n\t\t\t\t\t\t\t\t\t\t\t\t\t\t\t<img decoding=\"async\" width=\"1000\" height=\"994\" src=\"https:\/\/tlalixcoyan.gob.mx\/wp-content\/uploads\/2026\/01\/Iogogris-1024x1018.png\" class=\"attachment-large size-large wp-image-370\" alt=\"\" srcset=\"https:\/\/tlalixcoyan.gob.mx\/wp-content\/uploads\/2026\/01\/Iogogris-1024x1018.png 1024w, https:\/\/tlalixcoyan.gob.mx\/wp-content\/uploads\/2026\/01\/Iogogris-300x298.png 300w, https:\/\/tlalixcoyan.gob.mx\/wp-content\/uploads\/2026\/01\/Iogogris-150x150.png 150w, https:\/\/tlalixcoyan.gob.mx\/wp-content\/uploads\/2026\/01\/Iogogris-768x764.png 768w, https:\/\/tlalixcoyan.gob.mx\/wp-content\/uploads\/2026\/01\/Iogogris-1536x1527.png 1536w, https:\/\/tlalixcoyan.gob.mx\/wp-content\/uploads\/2026\/01\/Iogogris.png 1600w\" sizes=\"(max-width: 1000px) 100vw, 1000px\" \/>\t\t\t\t\t\t\t\t\t\t\t\t\t\t\t<\/div>\n\t\t\t\t<\/div>\n\t\t<div class=\"elementor-element elementor-element-c5329d1 e-con-full e-flex e-con e-child\" data-id=\"c5329d1\" data-element_type=\"container\" data-e-type=\"container\">\n\t\t\t\t<div class=\"elementor-element elementor-element-b81512c elementor-widget elementor-widget-image\" data-id=\"b81512c\" data-element_type=\"widget\" data-e-type=\"widget\" data-widget_type=\"image.default\">\n\t\t\t\t\t\t\t\t\t\t\t\t\t\t\t<img decoding=\"async\" width=\"1000\" height=\"667\" src=\"https:\/\/tlalixcoyan.gob.mx\/wp-content\/uploads\/2026\/02\/Img_13-1024x683.jpg\" class=\"attachment-large size-large wp-image-787\" alt=\"\" srcset=\"https:\/\/tlalixcoyan.gob.mx\/wp-content\/uploads\/2026\/02\/Img_13-1024x683.jpg 1024w, https:\/\/tlalixcoyan.gob.mx\/wp-content\/uploads\/2026\/02\/Img_13-300x200.jpg 300w, https:\/\/tlalixcoyan.gob.mx\/wp-content\/uploads\/2026\/02\/Img_13-768x512.jpg 768w, https:\/\/tlalixcoyan.gob.mx\/wp-content\/uploads\/2026\/02\/Img_13-1536x1024.jpg 1536w, https:\/\/tlalixcoyan.gob.mx\/wp-content\/uploads\/2026\/02\/Img_13-2048x1365.jpg 2048w, https:\/\/tlalixcoyan.gob.mx\/wp-content\/uploads\/2026\/02\/Img_13-650x433.jpg 650w\" sizes=\"(max-width: 1000px) 100vw, 1000px\" \/>\t\t\t\t\t\t\t\t\t\t\t\t\t\t\t<\/div>\n\t\t\t\t<\/div>\n\t\t<div class=\"elementor-element elementor-element-abe93da e-con-full e-flex e-con e-child\" data-id=\"abe93da\" data-element_type=\"container\" data-e-type=\"container\">\n\t\t\t\t<div class=\"elementor-element elementor-element-c0a5a99 elementor-widget elementor-widget-spacer\" data-id=\"c0a5a99\" data-element_type=\"widget\" data-e-type=\"widget\" data-widget_type=\"spacer.default\">\n\t\t\t\t\t\t\t<div class=\"elementor-spacer\">\n\t\t\t<div class=\"elementor-spacer-inner\"><\/div>\n\t\t<\/div>\n\t\t\t\t\t\t<\/div>\n\t\t\t\t<div class=\"elementor-element elementor-element-ceed8bb elementor-widget elementor-widget-image\" data-id=\"ceed8bb\" data-element_type=\"widget\" data-e-type=\"widget\" data-widget_type=\"image.default\">\n\t\t\t\t\t\t\t\t\t\t\t\t\t\t\t<img decoding=\"async\" width=\"1000\" height=\"994\" src=\"https:\/\/tlalixcoyan.gob.mx\/wp-content\/uploads\/2026\/01\/Iogogris-1024x1018.png\" class=\"attachment-large size-large wp-image-370\" alt=\"\" srcset=\"https:\/\/tlalixcoyan.gob.mx\/wp-content\/uploads\/2026\/01\/Iogogris-1024x1018.png 1024w, https:\/\/tlalixcoyan.gob.mx\/wp-content\/uploads\/2026\/01\/Iogogris-300x298.png 300w, https:\/\/tlalixcoyan.gob.mx\/wp-content\/uploads\/2026\/01\/Iogogris-150x150.png 150w, https:\/\/tlalixcoyan.gob.mx\/wp-content\/uploads\/2026\/01\/Iogogris-768x764.png 768w, https:\/\/tlalixcoyan.gob.mx\/wp-content\/uploads\/2026\/01\/Iogogris-1536x1527.png 1536w, https:\/\/tlalixcoyan.gob.mx\/wp-content\/uploads\/2026\/01\/Iogogris.png 1600w\" sizes=\"(max-width: 1000px) 100vw, 1000px\" \/>\t\t\t\t\t\t\t\t\t\t\t\t\t\t\t<\/div>\n\t\t\t\t<\/div>\n\t\t\t\t\t<\/div>\n\t\t\t\t<\/div>\n\t\t<div class=\"elementor-element elementor-element-d101b95 e-flex e-con-boxed e-con e-parent\" data-id=\"d101b95\" data-element_type=\"container\" data-e-type=\"container\">\n\t\t\t\t\t<div class=\"e-con-inner\">\n\t\t\t\t<div class=\"elementor-element elementor-element-a5e7523 elementor-widget-divider--view-line_text elementor-widget-divider--element-align-center elementor-widget elementor-widget-divider\" data-id=\"a5e7523\" data-element_type=\"widget\" data-e-type=\"widget\" data-widget_type=\"divider.default\">\n\t\t\t\t\t\t\t<div class=\"elementor-divider\">\n\t\t\t<span class=\"elementor-divider-separator\">\n\t\t\t\t\t\t\t<span class=\"elementor-divider__text elementor-divider__element\">\n\t\t\t\tSEGURIDAD CIUDADANA\t\t\t\t<\/span>\n\t\t\t\t\t\t<\/span>\n\t\t<\/div>\n\t\t\t\t\t\t<\/div>\n\t\t\t\t<div class=\"elementor-element elementor-element-e29e0b3 elementor-widget elementor-widget-text-editor\" data-id=\"e29e0b3\" data-element_type=\"widget\" data-e-type=\"widget\" data-widget_type=\"text-editor.default\">\n\t\t\t\t\t\t\t\t\t<p>La Direcci\u00f3n de Seguridad Ciudadana del Ayuntamiento de Tlalixcoyan tiene como objetivo principal salvaguardar la integridad, los derechos y el patrimonio de la poblaci\u00f3n, mediante acciones preventivas, de proximidad social y coordinaci\u00f3n interinstitucional.<\/p>\t\t\t\t\t\t\t\t<\/div>\n\t\t\t\t\t<\/div>\n\t\t\t\t<\/div>\n\t\t<div class=\"elementor-element elementor-element-b4b352a e-flex e-con-boxed e-con e-parent\" data-id=\"b4b352a\" data-element_type=\"container\" data-e-type=\"container\" data-settings=\"{&quot;background_background&quot;:&quot;classic&quot;}\">\n\t\t\t\t\t<div class=\"e-con-inner\">\n\t\t<div class=\"elementor-element elementor-element-d66c3f4 e-con-full e-flex e-con e-child\" data-id=\"d66c3f4\" data-element_type=\"container\" data-e-type=\"container\">\n\t\t\t\t<div class=\"elementor-element elementor-element-e366e63 elementor-widget elementor-widget-heading\" data-id=\"e366e63\" data-element_type=\"widget\" data-e-type=\"widget\" data-widget_type=\"heading.default\">\n\t\t\t\t\t<h2 class=\"elementor-heading-title elementor-size-default\">Programas y acciones<\/h2>\t\t\t\t<\/div>\n\t\t\t\t<div class=\"elementor-element elementor-element-ed906c9 elementor-widget elementor-widget-text-editor\" data-id=\"ed906c9\" data-element_type=\"widget\" data-e-type=\"widget\" data-widget_type=\"text-editor.default\">\n\t\t\t\t\t\t\t\t\t<ul><li><strong>Prevenci\u00f3n del delito<\/strong><br \/>Charlas, campa\u00f1as y acciones enfocadas a la seguridad y convivencia social.<\/li><li><strong>Polic\u00eda de proximidad<\/strong><br \/>Atenci\u00f3n cercana y directa a colonias y comunidades.<\/li><li><strong>Operativos de vigilancia<\/strong><br \/>Acciones estrat\u00e9gicas para fortalecer la seguridad en el municipio.<\/li><li><strong>Atenci\u00f3n ciudadana<\/strong><br \/>Recepci\u00f3n y seguimiento de reportes y solicitudes.<\/li><\/ul>\t\t\t\t\t\t\t\t<\/div>\n\t\t\t\t<\/div>\n\t\t<div class=\"elementor-element elementor-element-c2b7c32 e-con-full e-flex e-con e-child\" data-id=\"c2b7c32\" data-element_type=\"container\" data-e-type=\"container\">\n\t\t\t\t<div class=\"elementor-element elementor-element-25710fe elementor-widget elementor-widget-heading\" data-id=\"25710fe\" data-element_type=\"widget\" data-e-type=\"widget\" data-widget_type=\"heading.default\">\n\t\t\t\t\t<h2 class=\"elementor-heading-title elementor-size-default\">Recomendaciones a la ciudadan\u00eda<\/h2>\t\t\t\t<\/div>\n\t\t\t\t<div class=\"elementor-element elementor-element-b1eff6e elementor-widget elementor-widget-text-editor\" data-id=\"b1eff6e\" data-element_type=\"widget\" data-e-type=\"widget\" data-widget_type=\"text-editor.default\">\n\t\t\t\t\t\t\t\t\t<ul><li>Reportar cualquier situaci\u00f3n de riesgo a los n\u00fameros oficiales.<\/li><li>Colaborar con las autoridades y respetar el marco legal.<\/li><li>Participar en acciones comunitarias de prevenci\u00f3n.<\/li><\/ul>\t\t\t\t\t\t\t\t<\/div>\n\t\t\t\t<\/div>\n\t\t\t\t\t<\/div>\n\t\t\t\t<\/div>\n\t\t<div class=\"elementor-element elementor-element-6a0ca9b e-flex e-con-boxed e-con e-parent\" data-id=\"6a0ca9b\" data-element_type=\"container\" data-e-type=\"container\" data-settings=\"{&quot;background_background&quot;:&quot;classic&quot;}\">\n\t\t\t\t\t<div class=\"e-con-inner\">\n\t\t\t\t<div class=\"elementor-element elementor-element-0e198fc elementor-widget-divider--view-line_text elementor-widget-divider--element-align-center elementor-widget elementor-widget-divider\" data-id=\"0e198fc\" data-element_type=\"widget\" data-e-type=\"widget\" data-widget_type=\"divider.default\">\n\t\t\t\t\t\t\t<div class=\"elementor-divider\">\n\t\t\t<span class=\"elementor-divider-separator\">\n\t\t\t\t\t\t\t<span class=\"elementor-divider__text elementor-divider__element\">\n\t\t\t\tCONTACTO \t\t\t\t<\/span>\n\t\t\t\t\t\t<\/span>\n\t\t<\/div>\n\t\t\t\t\t\t<\/div>\n\t\t\t\t\t<\/div>\n\t\t\t\t<\/div>\n\t\t<div class=\"elementor-element elementor-element-5634135 e-flex e-con-boxed e-con e-parent\" data-id=\"5634135\" data-element_type=\"container\" data-e-type=\"container\" data-settings=\"{&quot;background_background&quot;:&quot;classic&quot;}\">\n\t\t\t\t\t<div class=\"e-con-inner\">\n\t\t<div class=\"elementor-element elementor-element-7c3cd92 e-con-full e-flex e-con e-child\" data-id=\"7c3cd92\" data-element_type=\"container\" data-e-type=\"container\">\n\t\t\t\t<div class=\"elementor-element elementor-element-c540766 elementor-align-center elementor-icon-list--layout-traditional elementor-list-item-link-full_width elementor-widget elementor-widget-icon-list\" data-id=\"c540766\" data-element_type=\"widget\" data-e-type=\"widget\" data-widget_type=\"icon-list.default\">\n\t\t\t\t\t\t\t<ul class=\"elementor-icon-list-items\">\n\t\t\t\t\t\t\t<li class=\"elementor-icon-list-item\">\n\t\t\t\t\t\t\t\t\t\t\t<span class=\"elementor-icon-list-icon\">\n\t\t\t\t\t\t\t<svg aria-hidden=\"true\" class=\"e-font-icon-svg e-fas-phone\" viewBox=\"0 0 512 512\" xmlns=\"http:\/\/www.w3.org\/2000\/svg\"><path d=\"M493.4 24.6l-104-24c-11.3-2.6-22.9 3.3-27.5 13.9l-48 112c-4.2 9.8-1.4 21.3 6.9 28l60.6 49.6c-36 76.7-98.9 140.5-177.2 177.2l-49.6-60.6c-6.8-8.3-18.2-11.1-28-6.9l-112 48C3.9 366.5-2 378.1.6 389.4l24 104C27.1 504.2 36.7 512 48 512c256.1 0 464-207.5 464-464 0-11.2-7.7-20.9-18.6-23.4z\"><\/path><\/svg>\t\t\t\t\t\t<\/span>\n\t\t\t\t\t\t\t\t\t\t<span class=\"elementor-icon-list-text\"><strong>Emergencias:<\/strong> <br> 911<\/span>\n\t\t\t\t\t\t\t\t\t<\/li>\n\t\t\t\t\t\t<\/ul>\n\t\t\t\t\t\t<\/div>\n\t\t\t\t<\/div>\n\t\t<div class=\"elementor-element elementor-element-81dbc6b e-con-full e-flex e-con e-child\" data-id=\"81dbc6b\" data-element_type=\"container\" data-e-type=\"container\">\n\t\t\t\t<div class=\"elementor-element elementor-element-6316752 elementor-icon-list--layout-traditional elementor-list-item-link-full_width elementor-widget elementor-widget-icon-list\" data-id=\"6316752\" data-element_type=\"widget\" data-e-type=\"widget\" data-widget_type=\"icon-list.default\">\n\t\t\t\t\t\t\t<ul class=\"elementor-icon-list-items\">\n\t\t\t\t\t\t\t<li class=\"elementor-icon-list-item\">\n\t\t\t\t\t\t\t\t\t\t\t<span class=\"elementor-icon-list-icon\">\n\t\t\t\t\t\t\t<i aria-hidden=\"true\" class=\"ri ri-secure-payment-fill\"><\/i>\t\t\t\t\t\t<\/span>\n\t\t\t\t\t\t\t\t\t\t<span class=\"elementor-icon-list-text\"><strong>\tComandancia Municipal:<\/strong> <br> 285 967 06 82<\/span>\n\t\t\t\t\t\t\t\t\t<\/li>\n\t\t\t\t\t\t<\/ul>\n\t\t\t\t\t\t<\/div>\n\t\t\t\t<\/div>\n\t\t\t\t\t<\/div>\n\t\t\t\t<\/div>\n\t\t<div class=\"elementor-element elementor-element-8931596 e-flex e-con-boxed e-con e-parent\" data-id=\"8931596\" data-element_type=\"container\" data-e-type=\"container\">\n\t\t\t\t\t<div class=\"e-con-inner\">\n\t\t\t\t<div class=\"elementor-element elementor-element-dc1341c elementor-align-center elementor-widget elementor-widget-button\" data-id=\"dc1341c\" data-element_type=\"widget\" data-e-type=\"widget\" data-widget_type=\"button.default\">\n\t\t\t\t\t\t\t\t\t\t<a class=\"elementor-button elementor-button-link elementor-size-sm\" href=\"https:\/\/tlalixcoyan.gob.mx\/\">\n\t\t\t\t\t\t<span class=\"elementor-button-content-wrapper\">\n\t\t\t\t\t\t\t\t\t<span class=\"elementor-button-text\">INICIO<\/span>\n\t\t\t\t\t<\/span>\n\t\t\t\t\t<\/a>\n\t\t\t\t\t\t\t\t<\/div>\n\t\t\t\t\t<\/div>\n\t\t\t\t<\/div>\n\t\t<div class=\"elementor-element elementor-element-fc989c4 e-con-full e-flex e-con e-parent\" data-id=\"fc989c4\" data-element_type=\"container\" data-e-type=\"container\">\n\t\t\t\t<div class=\"elementor-element elementor-element-c61c1a9 elementor-widget elementor-widget-image\" data-id=\"c61c1a9\" data-element_type=\"widget\" data-e-type=\"widget\" data-widget_type=\"image.default\">\n\t\t\t\t\t\t\t\t\t\t\t\t\t\t\t<img loading=\"lazy\" decoding=\"async\" width=\"1227\" height=\"125\" src=\"https:\/\/tlalixcoyan.gob.mx\/wp-content\/uploads\/2026\/01\/pief.png\" class=\"attachment-full size-full wp-image-148\" alt=\"\" srcset=\"https:\/\/tlalixcoyan.gob.mx\/wp-content\/uploads\/2026\/01\/pief.png 1227w, https:\/\/tlalixcoyan.gob.mx\/wp-content\/uploads\/2026\/01\/pief-300x31.png 300w, https:\/\/tlalixcoyan.gob.mx\/wp-content\/uploads\/2026\/01\/pief-1024x104.png 1024w, https:\/\/tlalixcoyan.gob.mx\/wp-content\/uploads\/2026\/01\/pief-768x78.png 768w\" sizes=\"(max-width: 1227px) 100vw, 1227px\" \/>\t\t\t\t\t\t\t\t\t\t\t\t\t\t\t<\/div>\n\t\t\t\t<\/div>\n\t\t\t\t<\/div>\n\t\t","protected":false},"excerpt":{"rendered":"<p>SEGURIDAD CIUDADANA La Direcci\u00f3n de Seguridad Ciudadana del Ayuntamiento de Tlalixcoyan tiene como objetivo principal salvaguardar la integridad, los derechos y el patrimonio de la poblaci\u00f3n, mediante acciones preventivas, de proximidad social y coordinaci\u00f3n interinstitucional. Programas y acciones Prevenci\u00f3n del delitoCharlas, campa\u00f1as y acciones enfocadas a la seguridad y convivencia social. Polic\u00eda de proximidadAtenci\u00f3n cercana [&hellip;]<\/p>\n","protected":false},"author":1,"featured_media":0,"parent":0,"menu_order":0,"comment_status":"closed","ping_status":"closed","template":"","meta":{"footnotes":""},"class_list":["post-826","page","type-page","status-publish","hentry"],"_links":{"self":[{"href":"https:\/\/tlalixcoyan.gob.mx\/index.php\/wp-json\/wp\/v2\/pages\/826","targetHints":{"allow":["GET"]}}],"collection":[{"href":"https:\/\/tlalixcoyan.gob.mx\/index.php\/wp-json\/wp\/v2\/pages"}],"about":[{"href":"https:\/\/tlalixcoyan.gob.mx\/index.php\/wp-json\/wp\/v2\/types\/page"}],"author":[{"embeddable":true,"href":"https:\/\/tlalixcoyan.gob.mx\/index.php\/wp-json\/wp\/v2\/users\/1"}],"replies":[{"embeddable":true,"href":"https:\/\/tlalixcoyan.gob.mx\/index.php\/wp-json\/wp\/v2\/comments?post=826"}],"version-history":[{"count":10,"href":"https:\/\/tlalixcoyan.gob.mx\/index.php\/wp-json\/wp\/v2\/pages\/826\/revisions"}],"predecessor-version":[{"id":1091,"href":"https:\/\/tlalixcoyan.gob.mx\/index.php\/wp-json\/wp\/v2\/pages\/826\/revisions\/1091"}],"wp:attachment":[{"href":"https:\/\/tlalixcoyan.gob.mx\/index.php\/wp-json\/wp\/v2\/media?parent=826"}],"curies":[{"name":"wp","href":"https:\/\/api.w.org\/{rel}","templated":true}]}}